{"id":1292,"date":"2018-10-10T10:38:39","date_gmt":"2018-10-10T13:38:39","guid":{"rendered":"http:\/\/bioclean.emgraphicdesign.ca\/?page_id=1292"},"modified":"2018-10-10T10:56:42","modified_gmt":"2018-10-10T13:56:42","slug":"bio-clean-msds","status":"publish","type":"page","link":"https:\/\/www.bio-clean.ca\/fr\/bio-clean-msds\/","title":{"rendered":"Bio-Clean MSDS"},"content":{"rendered":"<p><a href=\"\/wp-content\/uploads\/Bio-Clean_MSDS.pdf\">Download PDF <i class=\"far fa-file-pdf\"><\/i><\/a><\/p>\n<h6>Section 1:\u00a0 Identification<\/h6>\n<p><strong>Product identifier<\/strong><br \/>\nProduct form:\u00a0 Mixture<br \/>\nProduct name:\u00a0 Bio-Clean<\/p>\n<p><strong>Intended use of the product<\/strong><br \/>\nIntended use:\u00a0 To biodegrade organic waste<\/p>\n<p><strong>Responsible party<\/strong><br \/>\nSuperior BioSolutions LLC<br \/>\n7352 Darlin Ct. Unit 1<br \/>\nDane, WI 53529<br \/>\n800-553-5573<\/p>\n<p><strong>Emergency telephone number<br \/>\n<\/strong>Manufacturer:\u00a0 800.553.5573<br \/>\nHours of operaton: 8:00am \u2013 5:00pm CST<\/p>\n<h6>Section 2:\u00a0 Hazards Identification<\/h6>\n<p>May cause eye irritation, 2B<\/p>\n<h6>Section 3:\u00a0 Composition\/Information on Ingredients<\/h6>\n<p><strong>Mixture<br \/>\n<\/strong>Active ingredients:\u00a0 Amylase, Cellulase, Lipase and Protease enzymes and<br \/>\nnon-pathogenic bacteria.<br \/>\nExact percentages and full ingredients list are Trade Secrets.<\/p>\n<h6>Section 4:\u00a0 First Aid Measures<\/h6>\n<p><strong>Description of first aid measures<br \/>\n<\/strong>Eye:\u00a0 IF in eyes: Rinse with water<\/p>\n<h6>Section 5:\u00a0 Fire-Fighting Measures<\/h6>\n<p><strong>Extinguishing media<br \/>\n<\/strong>Suitable extinguishing media:\u00a0 any<br \/>\nUnsuitable extinguishing media:\u00a0 none<\/p>\n<p><strong>Special hazards arising from the mixture<br \/>\n<\/strong>Unusual fire or explosion hazards:\u00a0 None<\/p>\n<p><strong>Reactivity\/incompatible materials:<\/strong><br \/>\nNone<\/p>\n<p><strong>Advice for firefighters<br \/>\n<\/strong>No special procedures or gear required.<\/p>\n<h6>Section 6:\u00a0 Accidental Release Measures<\/h6>\n<p><strong>Personal precautions, protective equipment and emergency\u00a0procedures<br \/>\n<\/strong>None<\/p>\n<p><strong>Environmental precautions:<br \/>\n<\/strong>None required<\/p>\n<p><strong>Methods and material for containment and cleaning up:<br \/>\n<\/strong>Sweep it up, return to container<\/p>\n<h6>Section 7:\u00a0 Handling and Storage<\/h6>\n<p><strong>Precautions for safe handling\u00a0Handling:<br \/>\n<\/strong>No special precautions required<\/p>\n<p><strong>Conditions for safe storage, including any incompatibilities\u00a0Storage:<br \/>\n<\/strong>For maximum self life store in a cool, dry place<\/p>\n<h6>Section 8:\u00a0 Exposure Controls\/Personal Protection<\/h6>\n<p><strong>Control parameters:<br \/>\n<\/strong>None<\/p>\n<p><strong>Exposure controls:<br \/>\n<\/strong>None<\/p>\n<h6>Section 9:\u00a0 Physical and Chemical Properties<\/h6>\n<p><strong>Information on basic physical and chemical properties<br \/>\nPhysical state:<\/strong>\u00a0 Dry powder<br \/>\n<strong>Color:<\/strong>\u00a0 Tan<br \/>\n<strong>Odour:<\/strong>\u00a0 Characteristic. Mild<br \/>\n<strong>pH:<\/strong>\u00a0 Not relevant<br \/>\n<strong>Flash point:<\/strong>\u00a0 Data lacking<br \/>\n<strong>Auto-ignition temperature:<\/strong> Data lacking<br \/>\n<strong>Decomposition Temp.:<\/strong>\u00a0 Data lacking<br \/>\n<strong>Flammability:<\/strong> NFPA 1<br \/>\n<strong>Solubility:<\/strong>\u00a0 Mostly but not completely water soluble<br \/>\n<strong>Explosive properties:<\/strong>\u00a0 None known<br \/>\n<strong>Oxidizing properties:<\/strong>\u00a0 Not an oxidizer<br \/>\n<strong>Explosive limits:<\/strong>\u00a0 No data available<\/p>\n<h6>Section 10:\u00a0 Stability and Reactivity<\/h6>\n<p><strong>Reactivity:<br \/>\n<\/strong>No dangerous reactions known when used as directed<\/p>\n<p><strong>Chemical stability:<br \/>\n<\/strong>Stable<\/p>\n<p><strong>Possibility of hazardous reactions:<br \/>\n<\/strong>Hazardous polymerization will not\u00a0occur<\/p>\n<p><strong>Conditions to avoid:<br \/>\n<\/strong>None known<\/p>\n<p><strong>Incompatible Materials:<br \/>\n<\/strong>None known<\/p>\n<p><strong>Hazardous decomposition products:<br \/>\n<\/strong>None known<\/p>\n<h6>Section 11:\u00a0 Toxicological Information<\/h6>\n<p><strong>Information on toxicological effects:<br \/>\n<\/strong>Not classified<\/p>\n<p><strong>Eye contact:<br \/>\n<\/strong>Prolonged exposure may result in irritation<\/p>\n<h6>Section 12:\u00a0 Ecological Information<\/h6>\n<p>The commercial strength version of this product is used by wastewater \u00a0treatment plants to degrade organic waste.<\/p>\n<h6>Section 13:\u00a0 Disposal Considerations<\/h6>\n<p>Due to the product\u2019s long shelf life there is no need to dispose of it. Lid\u00a0and empty container may be recycled.<\/p>\n<h6>Section 14:\u00a0 Transport Information<\/h6>\n<p>Non-hazardous. No special requirements.<\/p>\n<h6>Section 15:\u00a0 Regulatory Information<\/h6>\n<p>Authorized by U.S.D.A. for use in federally inspected meat and poultry\u00a0processing plants.<\/p>\n<p>Reviewed and authorized by the following states:\u00a0 Florida, Indiana, \u00a0Massachusetts, Washington, Wisconsin.<\/p>\n<h6>Section 16:\u00a0 Other Information<\/h6>\n","protected":false},"excerpt":{"rendered":"Download PDF Section 1:\u00a0 Identification Product identifier Product form:\u00a0 Mixture Product name:\u00a0 Bio-Clean Intended use of the product Intended use:\u00a0 To biodegrade organic waste Responsible party Superior BioSolutions LLC 7352 Darlin Ct. Unit 1 Dane, WI 53529 800-553-5573 Emergency telephone number Manufacturer:\u00a0 800.553.5573 Hours of operaton: 8:00am \u2013 5:00pm CST Section 2:\u00a0 Hazards Identification May&#8230;","protected":false},"author":1,"featured_media":0,"parent":0,"menu_order":0,"comment_status":"closed","ping_status":"closed","template":"","meta":{"_acf_changed":false,"footnotes":""},"class_list":["post-1292","page","type-page","status-publish","hentry"],"translation":{"provider":"WPGlobus","version":"3.0.2","language":"fr","enabled_languages":["en","fr"],"languages":{"en":{"title":true,"content":true,"excerpt":false},"fr":{"title":false,"content":false,"excerpt":false}}},"acf":[],"yoast_head":"<!-- This site is optimized with the Yoast SEO plugin v27.5 - https:\/\/yoast.com\/product\/yoast-seo-wordpress\/ -->\n<title>Bio-Clean MSDS - Bio-Clean<\/title>\n<meta name=\"robots\" content=\"index, follow, max-snippet:-1, max-image-preview:large, max-video-preview:-1\" \/>\n<link rel=\"canonical\" href=\"https:\/\/www.bio-clean.ca\/bio-clean-msds\/\" \/>\n<meta property=\"og:locale\" content=\"fr_FR\" \/>\n<meta property=\"og:type\" content=\"article\" \/>\n<meta property=\"og:title\" content=\"Bio-Clean MSDS - Bio-Clean\" \/>\n<meta property=\"og:url\" content=\"https:\/\/www.bio-clean.ca\/bio-clean-msds\/\" \/>\n<meta property=\"og:site_name\" content=\"Bio-Clean\" \/>\n<meta property=\"article:modified_time\" content=\"2018-10-10T13:56:42+00:00\" \/>\n<meta name=\"twitter:card\" content=\"summary_large_image\" \/>\n<script type=\"application\/ld+json\" class=\"yoast-schema-graph\">{\"@context\":\"https:\\\/\\\/schema.org\",\"@graph\":[{\"@type\":\"WebPage\",\"@id\":\"https:\\\/\\\/www.bio-clean.ca\\\/bio-clean-msds\\\/\",\"url\":\"https:\\\/\\\/www.bio-clean.ca\\\/bio-clean-msds\\\/\",\"name\":\"Bio-Clean MSDS - Bio-Clean\",\"isPartOf\":{\"@id\":\"https:\\\/\\\/www.bio-clean.ca\\\/ca\\\/#website\"},\"datePublished\":\"2018-10-10T13:38:39+00:00\",\"dateModified\":\"2018-10-10T13:56:42+00:00\",\"breadcrumb\":{\"@id\":\"https:\\\/\\\/www.bio-clean.ca\\\/bio-clean-msds\\\/#breadcrumb\"},\"inLanguage\":\"fr-FR\",\"potentialAction\":[{\"@type\":\"ReadAction\",\"target\":[\"https:\\\/\\\/www.bio-clean.ca\\\/bio-clean-msds\\\/\"]}]},{\"@type\":\"BreadcrumbList\",\"@id\":\"https:\\\/\\\/www.bio-clean.ca\\\/bio-clean-msds\\\/#breadcrumb\",\"itemListElement\":[{\"@type\":\"ListItem\",\"position\":1,\"name\":\"Home\",\"item\":\"https:\\\/\\\/www.bio-clean.ca\\\/ca\\\/\"},{\"@type\":\"ListItem\",\"position\":2,\"name\":\"Bio-Clean MSDS\"}]},{\"@type\":\"WebSite\",\"@id\":\"https:\\\/\\\/www.bio-clean.ca\\\/ca\\\/#website\",\"url\":\"https:\\\/\\\/www.bio-clean.ca\\\/ca\\\/\",\"name\":\"Bio-Clean\",\"description\":\"L\u2019Aimable Bact\u00e9rie Qui \u00c9limine Les D\u00e9chets\",\"publisher\":{\"@id\":\"https:\\\/\\\/www.bio-clean.ca\\\/ca\\\/#organization\"},\"potentialAction\":[{\"@type\":\"SearchAction\",\"target\":{\"@type\":\"EntryPoint\",\"urlTemplate\":\"https:\\\/\\\/www.bio-clean.ca\\\/ca\\\/?s={search_term_string}\"},\"query-input\":{\"@type\":\"PropertyValueSpecification\",\"valueRequired\":true,\"valueName\":\"search_term_string\"}}],\"inLanguage\":\"fr-FR\"},{\"@type\":\"Organization\",\"@id\":\"https:\\\/\\\/www.bio-clean.ca\\\/ca\\\/#organization\",\"name\":\"Bio-Clean\",\"url\":\"https:\\\/\\\/www.bio-clean.ca\\\/ca\\\/\",\"logo\":{\"@type\":\"ImageObject\",\"inLanguage\":\"fr-FR\",\"@id\":\"https:\\\/\\\/www.bio-clean.ca\\\/ca\\\/#\\\/schema\\\/logo\\\/image\\\/\",\"url\":\"https:\\\/\\\/www.bio-clean.ca\\\/wp-content\\\/uploads\\\/bio-clean-logo-fre.png\",\"contentUrl\":\"https:\\\/\\\/www.bio-clean.ca\\\/wp-content\\\/uploads\\\/bio-clean-logo-fre.png\",\"width\":500,\"height\":98,\"caption\":\"Bio-Clean\"},\"image\":{\"@id\":\"https:\\\/\\\/www.bio-clean.ca\\\/ca\\\/#\\\/schema\\\/logo\\\/image\\\/\"}}]}<\/script>\n<!-- \/ Yoast SEO plugin. -->","yoast_head_json":{"title":"Bio-Clean MSDS - Bio-Clean","robots":{"index":"index","follow":"follow","max-snippet":"max-snippet:-1","max-image-preview":"max-image-preview:large","max-video-preview":"max-video-preview:-1"},"canonical":"https:\/\/www.bio-clean.ca\/bio-clean-msds\/","og_locale":"fr_FR","og_type":"article","og_title":"Bio-Clean MSDS - Bio-Clean","og_url":"https:\/\/www.bio-clean.ca\/bio-clean-msds\/","og_site_name":"Bio-Clean","article_modified_time":"2018-10-10T13:56:42+00:00","twitter_card":"summary_large_image","schema":{"@context":"https:\/\/schema.org","@graph":[{"@type":"WebPage","@id":"https:\/\/www.bio-clean.ca\/bio-clean-msds\/","url":"https:\/\/www.bio-clean.ca\/bio-clean-msds\/","name":"Bio-Clean MSDS - Bio-Clean","isPartOf":{"@id":"https:\/\/www.bio-clean.ca\/ca\/#website"},"datePublished":"2018-10-10T13:38:39+00:00","dateModified":"2018-10-10T13:56:42+00:00","breadcrumb":{"@id":"https:\/\/www.bio-clean.ca\/bio-clean-msds\/#breadcrumb"},"inLanguage":"fr-FR","potentialAction":[{"@type":"ReadAction","target":["https:\/\/www.bio-clean.ca\/bio-clean-msds\/"]}]},{"@type":"BreadcrumbList","@id":"https:\/\/www.bio-clean.ca\/bio-clean-msds\/#breadcrumb","itemListElement":[{"@type":"ListItem","position":1,"name":"Home","item":"https:\/\/www.bio-clean.ca\/ca\/"},{"@type":"ListItem","position":2,"name":"Bio-Clean MSDS"}]},{"@type":"WebSite","@id":"https:\/\/www.bio-clean.ca\/ca\/#website","url":"https:\/\/www.bio-clean.ca\/ca\/","name":"Bio-Clean","description":"L\u2019Aimable Bact\u00e9rie Qui \u00c9limine Les D\u00e9chets","publisher":{"@id":"https:\/\/www.bio-clean.ca\/ca\/#organization"},"potentialAction":[{"@type":"SearchAction","target":{"@type":"EntryPoint","urlTemplate":"https:\/\/www.bio-clean.ca\/ca\/?s={search_term_string}"},"query-input":{"@type":"PropertyValueSpecification","valueRequired":true,"valueName":"search_term_string"}}],"inLanguage":"fr-FR"},{"@type":"Organization","@id":"https:\/\/www.bio-clean.ca\/ca\/#organization","name":"Bio-Clean","url":"https:\/\/www.bio-clean.ca\/ca\/","logo":{"@type":"ImageObject","inLanguage":"fr-FR","@id":"https:\/\/www.bio-clean.ca\/ca\/#\/schema\/logo\/image\/","url":"https:\/\/www.bio-clean.ca\/wp-content\/uploads\/bio-clean-logo-fre.png","contentUrl":"https:\/\/www.bio-clean.ca\/wp-content\/uploads\/bio-clean-logo-fre.png","width":500,"height":98,"caption":"Bio-Clean"},"image":{"@id":"https:\/\/www.bio-clean.ca\/ca\/#\/schema\/logo\/image\/"}}]}},"_links":{"self":[{"href":"https:\/\/www.bio-clean.ca\/fr\/wp-json\/wp\/v2\/pages\/1292","targetHints":{"allow":["GET"]}}],"collection":[{"href":"https:\/\/www.bio-clean.ca\/fr\/wp-json\/wp\/v2\/pages"}],"about":[{"href":"https:\/\/www.bio-clean.ca\/fr\/wp-json\/wp\/v2\/types\/page"}],"author":[{"embeddable":true,"href":"https:\/\/www.bio-clean.ca\/fr\/wp-json\/wp\/v2\/users\/1"}],"replies":[{"embeddable":true,"href":"https:\/\/www.bio-clean.ca\/fr\/wp-json\/wp\/v2\/comments?post=1292"}],"version-history":[{"count":5,"href":"https:\/\/www.bio-clean.ca\/fr\/wp-json\/wp\/v2\/pages\/1292\/revisions"}],"predecessor-version":[{"id":1299,"href":"https:\/\/www.bio-clean.ca\/fr\/wp-json\/wp\/v2\/pages\/1292\/revisions\/1299"}],"wp:attachment":[{"href":"https:\/\/www.bio-clean.ca\/fr\/wp-json\/wp\/v2\/media?parent=1292"}],"curies":[{"name":"wp","href":"https:\/\/api.w.org\/{rel}","templated":true}]}}