{"id":1309,"date":"2018-10-10T11:04:02","date_gmt":"2018-10-10T14:04:02","guid":{"rendered":"http:\/\/bioclean.emgraphicdesign.ca\/?page_id=1309"},"modified":"2022-02-18T08:58:18","modified_gmt":"2022-02-18T12:58:18","slug":"what-it-is","status":"publish","type":"page","link":"https:\/\/www.bio-clean.ca\/fr\/what-it-is\/","title":{"rendered":"C&rsquo;est quoi?"},"content":{"rendered":"<p style=\"text-align: center;\"><img loading=\"lazy\" decoding=\"async\" width=\"868\" height=\"346\" class=\"alignleft u-max-full-width wp-image-1330\" src=\"https:\/\/www.bio-clean.ca\/wp-content\/uploads\/bio-clean-product-graphic.jpg\" alt=\"Bio-Clean Product Graphic\" srcset=\"https:\/\/www.bio-clean.ca\/wp-content\/uploads\/bio-clean-product-graphic.jpg 868w, https:\/\/www.bio-clean.ca\/wp-content\/uploads\/bio-clean-product-graphic-600x239.jpg 600w, https:\/\/www.bio-clean.ca\/wp-content\/uploads\/bio-clean-product-graphic-250x100.jpg 250w, https:\/\/www.bio-clean.ca\/wp-content\/uploads\/bio-clean-product-graphic-768x306.jpg 768w, https:\/\/www.bio-clean.ca\/wp-content\/uploads\/bio-clean-product-graphic-700x279.jpg 700w, https:\/\/www.bio-clean.ca\/wp-content\/uploads\/bio-clean-product-graphic-120x48.jpg 120w\" sizes=\"auto, (max-width: 868px) 100vw, 868px\" \/><br \/>\n<span style=\"color: #008b85;\"><em><strong>BIO-CLEAN est&#8230;un unique m\u00e9lange de bact\u00e9ries et d&rsquo;enzymes. Les bact\u00e9ries sont tous naturelles et elles ne sont pas g\u00e9n\u00e9tiquement modifi\u00e9es.<\/strong><\/em><\/span><\/p>\n<p>Notre concentration d&rsquo;enzyme est la plus puissante sur le march\u00e9 et vous est livr\u00e9 sous forme de poudre \u00e0 conserver la puissance et de maximiser l&rsquo;efficacit\u00e9.<\/p>\n<h5>SANS DANGER<\/h5>\n<p>BIO-CLEAN est non toxique. Il ne produit aucune chaleur, aucune vapeur, aucune \u00e9bullition. Il n&rsquo;attaque ni les tissus vivants ni les mati\u00e8res inorganiques, il n&rsquo;agit que sur les d\u00e9chets organiques tels que les graisses, les cheveux et les poils, les restes d&rsquo;aliments, le papier, le coton et les eaux d&rsquo;\u00e9gout. Cela fait de <span class=\"bioCleanName\">BIO-CLEAN<\/span> un produit sans danger pour les humains, pour la plomberie et pour l&rsquo;environnement. <span class=\"bioCleanName\">BIO-CLEAN<\/span> transforme les d\u00e9chets en eau, en bioxyde de carbone et en cendres qui s&rsquo;\u00e9coulent sans danger dans votre circuit d&rsquo;\u00e9vacuation des eaux us\u00e9es.<\/p>\n<h5>EFFICACE<\/h5>\n<p>Dans un d\u00e9lai d&rsquo;une heure apr\u00e8s avoir \u00e9t\u00e9 vers\u00e9es dans le tuyau d&rsquo;\u00e9vacuation, les bact\u00e9ries commencent petit \u00e0 petit \u00e0 manger les d\u00e9chets accumul\u00e9s sur les parois et dans la partie sup\u00e9rieure du tuyau. Ces d\u00e9chets constituent leur alimentation naturelle. Elles dig\u00e8rent les d\u00e9chets et se propagent \u00e0 l&rsquo;int\u00e9rieur de votre syst\u00e8me, et elles le nettoient int\u00e9gralement.<\/p>\n<h5 class=\"sSubTitle\">POLYVALENT<\/h5>\n<p>Applications r\u00e9sidentielles et commerciales. Pour tous les drains et les tuyaux d&rsquo;\u00e9gout, y compris:<\/p>\n<ul>\n<li><em>les \u00e9viers de cuisine <\/em><\/li>\n<li><em>les toilettes <\/em><\/li>\n<li><em>les baignoires <\/em><\/li>\n<li><em>les douches <\/em><\/li>\n<li><em>les avaloirs de sol <\/em><\/li>\n<li><em>les drains de laveuses <\/em><\/li>\n<li><em>les fosses septiques et les \u00e9l\u00e9ments \u00e9purateurs <\/em><\/li>\n<li><em>les odeurs de broyeurs d&rsquo;ordures <\/em><\/li>\n<li><em>les pompes d&rsquo;\u00e9jecteurs des eaux d&rsquo;\u00e9gout <\/em><\/li>\n<li><em>les toilettes ext\u00e9rieures et les puisards <\/em><\/li>\n<li><em>les r\u00e9servoirs de v\u00e9hicules de caravaning et de bateaux <\/em><\/li>\n<li><em>les stations de rel\u00e8vement <\/em><\/li>\n<li><em>les liti\u00e8res de chats <\/em><\/li>\n<\/ul>\n<div class=\"reference-container\">See all applications and usage instructions at: <a href=\"https:\/\/www.bio-clean.ca\/applications\/\">Application Instructions<\/a>\u00a0<\/div>\n<h5><\/h5>\n<h5 class=\"sSubTitle\">\u00c9CONOMIQUE<\/h5>\n<ul>\n<li><em>Un contenant de 2 livres permet de faire 100 traitements<\/em><\/li>\n<li><em>Un contenant de 2 livres peut traiter une fosse septique de 1000 gallons<\/em><\/li>\n<li><em>\u00c9limine le besoin d&rsquo;utiliser les c\u00e2bles de drainage<\/em><\/li>\n<li><em>\u00c9limine le besoin d&rsquo;acheter des produits chimiques dangereux<\/em><\/li>\n<li><em>\u00c9limine le besoin d&rsquo;acheter des blocs d\u00e9sodorisants (urinaux)<\/em><\/li>\n<li><em>\u00c9limine les compensations co\u00fbteuses vers\u00e9es aux employ\u00e9s qui se sont bless\u00e9s en utilisant des produits chimiques dangereux<\/em><\/li>\n<\/ul>\n<h6>PLUS DE LECTURE:<\/h6>\n<div class=\"reference-container\"> <a href=\"https:\/\/www.bio-clean.ca\/fr\/how-it-works\/\">Comment \u00e7a marche<\/a><br \/>\n<a href=\"https:\/\/www.bio-clean.ca\/fr\/the-bio-clean-advantage\/\">L&rsquo;avantage Bio-Clean<\/a><br \/>\n<a href=\"https:\/\/www.bio-clean.ca\/videos\/\">Videos<\/a><br \/>\n<a href=\"https:\/\/www.bio-clean.ca\/fr\/applications\/\">Instructions d&rsquo;application<\/a><\/div>\n","protected":false},"excerpt":{"rendered":"BIO-CLEAN est&#8230;un unique m\u00e9lange de bact\u00e9ries et d&rsquo;enzymes. Les bact\u00e9ries sont tous naturelles et elles ne sont pas g\u00e9n\u00e9tiquement modifi\u00e9es. Notre concentration d&rsquo;enzyme est la plus puissante sur le march\u00e9 et vous est livr\u00e9 sous forme de poudre \u00e0 conserver la puissance et de maximiser l&rsquo;efficacit\u00e9. SANS DANGER BIO-CLEAN est non toxique. Il ne produit&#8230;","protected":false},"author":1,"featured_media":0,"parent":0,"menu_order":0,"comment_status":"closed","ping_status":"closed","template":"","meta":{"_acf_changed":false,"footnotes":""},"class_list":["post-1309","page","type-page","status-publish","hentry"],"translation":{"provider":"WPGlobus","version":"3.0.2","language":"fr","enabled_languages":["en","fr"],"languages":{"en":{"title":true,"content":true,"excerpt":false},"fr":{"title":true,"content":true,"excerpt":false}}},"acf":[],"yoast_head":"<!-- This site is optimized with the Yoast SEO plugin v27.4 - https:\/\/yoast.com\/product\/yoast-seo-wordpress\/ -->\n<title>C&#039;est quoi? - Bio-Clean<\/title>\n<meta name=\"robots\" content=\"index, follow, max-snippet:-1, max-image-preview:large, max-video-preview:-1\" \/>\n<link rel=\"canonical\" href=\"https:\/\/www.bio-clean.ca\/what-it-is\/\" \/>\n<meta property=\"og:locale\" content=\"fr_FR\" \/>\n<meta property=\"og:type\" content=\"article\" \/>\n<meta property=\"og:title\" content=\"C&#039;est quoi? - Bio-Clean\" \/>\n<meta property=\"og:url\" content=\"https:\/\/www.bio-clean.ca\/what-it-is\/\" \/>\n<meta property=\"og:site_name\" content=\"Bio-Clean\" \/>\n<meta property=\"article:modified_time\" content=\"2022-02-18T12:58:18+00:00\" \/>\n<meta property=\"og:image\" content=\"https:\/\/www.bio-clean.ca\/wp-content\/uploads\/bio-clean-product-graphic.jpg\" \/>\n<meta name=\"twitter:card\" content=\"summary_large_image\" \/>\n<script type=\"application\/ld+json\" class=\"yoast-schema-graph\">{\"@context\":\"https:\\\/\\\/schema.org\",\"@graph\":[{\"@type\":\"WebPage\",\"@id\":\"https:\\\/\\\/www.bio-clean.ca\\\/what-it-is\\\/\",\"url\":\"https:\\\/\\\/www.bio-clean.ca\\\/what-it-is\\\/\",\"name\":\"C'est quoi? - Bio-Clean\",\"isPartOf\":{\"@id\":\"https:\\\/\\\/www.bio-clean.ca\\\/ca\\\/#website\"},\"primaryImageOfPage\":{\"@id\":\"https:\\\/\\\/www.bio-clean.ca\\\/what-it-is\\\/#primaryimage\"},\"image\":{\"@id\":\"https:\\\/\\\/www.bio-clean.ca\\\/what-it-is\\\/#primaryimage\"},\"thumbnailUrl\":\"https:\\\/\\\/www.bio-clean.ca\\\/wp-content\\\/uploads\\\/bio-clean-product-graphic.jpg\",\"datePublished\":\"2018-10-10T14:04:02+00:00\",\"dateModified\":\"2022-02-18T12:58:18+00:00\",\"breadcrumb\":{\"@id\":\"https:\\\/\\\/www.bio-clean.ca\\\/what-it-is\\\/#breadcrumb\"},\"inLanguage\":\"fr-FR\",\"potentialAction\":[{\"@type\":\"ReadAction\",\"target\":[\"https:\\\/\\\/www.bio-clean.ca\\\/what-it-is\\\/\"]}]},{\"@type\":\"ImageObject\",\"inLanguage\":\"fr-FR\",\"@id\":\"https:\\\/\\\/www.bio-clean.ca\\\/what-it-is\\\/#primaryimage\",\"url\":\"https:\\\/\\\/www.bio-clean.ca\\\/wp-content\\\/uploads\\\/bio-clean-product-graphic.jpg\",\"contentUrl\":\"https:\\\/\\\/www.bio-clean.ca\\\/wp-content\\\/uploads\\\/bio-clean-product-graphic.jpg\"},{\"@type\":\"BreadcrumbList\",\"@id\":\"https:\\\/\\\/www.bio-clean.ca\\\/what-it-is\\\/#breadcrumb\",\"itemListElement\":[{\"@type\":\"ListItem\",\"position\":1,\"name\":\"Home\",\"item\":\"https:\\\/\\\/www.bio-clean.ca\\\/ca\\\/\"},{\"@type\":\"ListItem\",\"position\":2,\"name\":\"What Is It?\"}]},{\"@type\":\"WebSite\",\"@id\":\"https:\\\/\\\/www.bio-clean.ca\\\/ca\\\/#website\",\"url\":\"https:\\\/\\\/www.bio-clean.ca\\\/ca\\\/\",\"name\":\"Bio-Clean\",\"description\":\"L\u2019Aimable Bact\u00e9rie Qui \u00c9limine Les D\u00e9chets\",\"publisher\":{\"@id\":\"https:\\\/\\\/www.bio-clean.ca\\\/ca\\\/#organization\"},\"potentialAction\":[{\"@type\":\"SearchAction\",\"target\":{\"@type\":\"EntryPoint\",\"urlTemplate\":\"https:\\\/\\\/www.bio-clean.ca\\\/ca\\\/?s={search_term_string}\"},\"query-input\":{\"@type\":\"PropertyValueSpecification\",\"valueRequired\":true,\"valueName\":\"search_term_string\"}}],\"inLanguage\":\"fr-FR\"},{\"@type\":\"Organization\",\"@id\":\"https:\\\/\\\/www.bio-clean.ca\\\/ca\\\/#organization\",\"name\":\"Bio-Clean\",\"url\":\"https:\\\/\\\/www.bio-clean.ca\\\/ca\\\/\",\"logo\":{\"@type\":\"ImageObject\",\"inLanguage\":\"fr-FR\",\"@id\":\"https:\\\/\\\/www.bio-clean.ca\\\/ca\\\/#\\\/schema\\\/logo\\\/image\\\/\",\"url\":\"https:\\\/\\\/www.bio-clean.ca\\\/wp-content\\\/uploads\\\/bio-clean-logo-fre.png\",\"contentUrl\":\"https:\\\/\\\/www.bio-clean.ca\\\/wp-content\\\/uploads\\\/bio-clean-logo-fre.png\",\"width\":500,\"height\":98,\"caption\":\"Bio-Clean\"},\"image\":{\"@id\":\"https:\\\/\\\/www.bio-clean.ca\\\/ca\\\/#\\\/schema\\\/logo\\\/image\\\/\"}}]}<\/script>\n<!-- \/ Yoast SEO plugin. -->","yoast_head_json":{"title":"C'est quoi? - Bio-Clean","robots":{"index":"index","follow":"follow","max-snippet":"max-snippet:-1","max-image-preview":"max-image-preview:large","max-video-preview":"max-video-preview:-1"},"canonical":"https:\/\/www.bio-clean.ca\/what-it-is\/","og_locale":"fr_FR","og_type":"article","og_title":"C'est quoi? - Bio-Clean","og_url":"https:\/\/www.bio-clean.ca\/what-it-is\/","og_site_name":"Bio-Clean","article_modified_time":"2022-02-18T12:58:18+00:00","og_image":[{"url":"https:\/\/www.bio-clean.ca\/wp-content\/uploads\/bio-clean-product-graphic.jpg","type":"","width":"","height":""}],"twitter_card":"summary_large_image","schema":{"@context":"https:\/\/schema.org","@graph":[{"@type":"WebPage","@id":"https:\/\/www.bio-clean.ca\/what-it-is\/","url":"https:\/\/www.bio-clean.ca\/what-it-is\/","name":"C'est quoi? - Bio-Clean","isPartOf":{"@id":"https:\/\/www.bio-clean.ca\/ca\/#website"},"primaryImageOfPage":{"@id":"https:\/\/www.bio-clean.ca\/what-it-is\/#primaryimage"},"image":{"@id":"https:\/\/www.bio-clean.ca\/what-it-is\/#primaryimage"},"thumbnailUrl":"https:\/\/www.bio-clean.ca\/wp-content\/uploads\/bio-clean-product-graphic.jpg","datePublished":"2018-10-10T14:04:02+00:00","dateModified":"2022-02-18T12:58:18+00:00","breadcrumb":{"@id":"https:\/\/www.bio-clean.ca\/what-it-is\/#breadcrumb"},"inLanguage":"fr-FR","potentialAction":[{"@type":"ReadAction","target":["https:\/\/www.bio-clean.ca\/what-it-is\/"]}]},{"@type":"ImageObject","inLanguage":"fr-FR","@id":"https:\/\/www.bio-clean.ca\/what-it-is\/#primaryimage","url":"https:\/\/www.bio-clean.ca\/wp-content\/uploads\/bio-clean-product-graphic.jpg","contentUrl":"https:\/\/www.bio-clean.ca\/wp-content\/uploads\/bio-clean-product-graphic.jpg"},{"@type":"BreadcrumbList","@id":"https:\/\/www.bio-clean.ca\/what-it-is\/#breadcrumb","itemListElement":[{"@type":"ListItem","position":1,"name":"Home","item":"https:\/\/www.bio-clean.ca\/ca\/"},{"@type":"ListItem","position":2,"name":"What Is It?"}]},{"@type":"WebSite","@id":"https:\/\/www.bio-clean.ca\/ca\/#website","url":"https:\/\/www.bio-clean.ca\/ca\/","name":"Bio-Clean","description":"L\u2019Aimable Bact\u00e9rie Qui \u00c9limine Les D\u00e9chets","publisher":{"@id":"https:\/\/www.bio-clean.ca\/ca\/#organization"},"potentialAction":[{"@type":"SearchAction","target":{"@type":"EntryPoint","urlTemplate":"https:\/\/www.bio-clean.ca\/ca\/?s={search_term_string}"},"query-input":{"@type":"PropertyValueSpecification","valueRequired":true,"valueName":"search_term_string"}}],"inLanguage":"fr-FR"},{"@type":"Organization","@id":"https:\/\/www.bio-clean.ca\/ca\/#organization","name":"Bio-Clean","url":"https:\/\/www.bio-clean.ca\/ca\/","logo":{"@type":"ImageObject","inLanguage":"fr-FR","@id":"https:\/\/www.bio-clean.ca\/ca\/#\/schema\/logo\/image\/","url":"https:\/\/www.bio-clean.ca\/wp-content\/uploads\/bio-clean-logo-fre.png","contentUrl":"https:\/\/www.bio-clean.ca\/wp-content\/uploads\/bio-clean-logo-fre.png","width":500,"height":98,"caption":"Bio-Clean"},"image":{"@id":"https:\/\/www.bio-clean.ca\/ca\/#\/schema\/logo\/image\/"}}]}},"_links":{"self":[{"href":"https:\/\/www.bio-clean.ca\/fr\/wp-json\/wp\/v2\/pages\/1309","targetHints":{"allow":["GET"]}}],"collection":[{"href":"https:\/\/www.bio-clean.ca\/fr\/wp-json\/wp\/v2\/pages"}],"about":[{"href":"https:\/\/www.bio-clean.ca\/fr\/wp-json\/wp\/v2\/types\/page"}],"author":[{"embeddable":true,"href":"https:\/\/www.bio-clean.ca\/fr\/wp-json\/wp\/v2\/users\/1"}],"replies":[{"embeddable":true,"href":"https:\/\/www.bio-clean.ca\/fr\/wp-json\/wp\/v2\/comments?post=1309"}],"version-history":[{"count":24,"href":"https:\/\/www.bio-clean.ca\/fr\/wp-json\/wp\/v2\/pages\/1309\/revisions"}],"predecessor-version":[{"id":3615,"href":"https:\/\/www.bio-clean.ca\/fr\/wp-json\/wp\/v2\/pages\/1309\/revisions\/3615"}],"wp:attachment":[{"href":"https:\/\/www.bio-clean.ca\/fr\/wp-json\/wp\/v2\/media?parent=1309"}],"curies":[{"name":"wp","href":"https:\/\/api.w.org\/{rel}","templated":true}]}}