{"id":1311,"date":"2018-10-10T11:04:20","date_gmt":"2018-10-10T14:04:20","guid":{"rendered":"http:\/\/bioclean.emgraphicdesign.ca\/?page_id=1311"},"modified":"2019-05-07T10:02:13","modified_gmt":"2019-05-07T13:02:13","slug":"the-bio-clean-advantage","status":"publish","type":"page","link":"https:\/\/www.bio-clean.ca\/fr\/the-bio-clean-advantage\/","title":{"rendered":"Advantage Bio-Clean"},"content":{"rendered":"<p><img loading=\"lazy\" decoding=\"async\" width=\"150\" height=\"150\" class=\"alignleft size-full wp-image-110\" src=\"https:\/\/www.bio-clean.ca\/wp-content\/uploads\/bio-clean-advantage-natural-graphic.png\" alt=\"\" srcset=\"https:\/\/www.bio-clean.ca\/wp-content\/uploads\/bio-clean-advantage-natural-graphic.png 150w, https:\/\/www.bio-clean.ca\/wp-content\/uploads\/bio-clean-advantage-natural-graphic-100x100.png 100w, https:\/\/www.bio-clean.ca\/wp-content\/uploads\/bio-clean-advantage-natural-graphic-120x120.png 120w\" sizes=\"auto, (max-width: 150px) 100vw, 150px\" \/><strong>NATUREL<\/strong><br \/>\nDans la nature, toutes les mati\u00e8res animales et v\u00e9g\u00e9tales, des insectes aux puissants ch\u00eanes, sont d\u00e9compos\u00e9es et recycl\u00e9es en aliments v\u00e9g\u00e9taux par des enzymes et des bact\u00e9ries. BIO-CLEAN utilise ce m\u00eame principe pour biod\u00e9grader les d\u00e9chets animaux et v\u00e9g\u00e9taux dans les conduites.<\/p>\n<hr \/>\n<p><img loading=\"lazy\" decoding=\"async\" width=\"150\" height=\"150\" class=\"alignleft size-full wp-image-109\" src=\"https:\/\/www.bio-clean.ca\/wp-content\/uploads\/bio-clean-advantage-effective-graphic.png\" alt=\"\" srcset=\"https:\/\/www.bio-clean.ca\/wp-content\/uploads\/bio-clean-advantage-effective-graphic.png 150w, https:\/\/www.bio-clean.ca\/wp-content\/uploads\/bio-clean-advantage-effective-graphic-100x100.png 100w, https:\/\/www.bio-clean.ca\/wp-content\/uploads\/bio-clean-advantage-effective-graphic-120x120.png 120w\" sizes=\"auto, (max-width: 150px) 100vw, 150px\" \/><strong>EFFICACE<\/strong><br \/>\nLorsqu&rsquo;il est m\u00e9lang\u00e9 \u00e0 de l&rsquo;eau, BIO-CLEAN se met au travail! Les enzymes commencent \u00e0 d\u00e9composer les d\u00e9chets au contact; cr\u00e9er de la nourriture pour les bact\u00e9ries. BIO-CLEAN contient des milliards de bact\u00e9ries et, \u00e0 mesure qu\u2019elles se nourrissent, leur nombre double toutes les 30 minutes. Non restreints par la gravit\u00e9, ils se r\u00e9pandent dans tout le syst\u00e8me de plomberie, d\u00e9vorant tous les d\u00e9chets organiques.<\/p>\n<hr \/>\n<p><img loading=\"lazy\" decoding=\"async\" width=\"150\" height=\"150\" class=\"alignleft size-full wp-image-108\" src=\"https:\/\/www.bio-clean.ca\/wp-content\/uploads\/bio-clean-advantage-economical-graphic.png\" alt=\"\" srcset=\"https:\/\/www.bio-clean.ca\/wp-content\/uploads\/bio-clean-advantage-economical-graphic.png 150w, https:\/\/www.bio-clean.ca\/wp-content\/uploads\/bio-clean-advantage-economical-graphic-100x100.png 100w, https:\/\/www.bio-clean.ca\/wp-content\/uploads\/bio-clean-advantage-economical-graphic-120x120.png 120w\" sizes=\"auto, (max-width: 150px) 100vw, 150px\" \/><strong>\u00c9CONOMIQUE<\/strong><br \/>\nChaque contenant de 2 lb contient 100 traitements de vidange suffisants pour traiter une fosse septique de 1 000 gallons. Bio-Clean \u00c9limine la n\u00e9cessit\u00e9 de c\u00e2bler les drains, les produits chimiques dangereux, les blocs d\u00e9odorants (urinoirs) et les compensations co\u00fbteuses pour les employ\u00e9s bless\u00e9s par l&rsquo;utilisation de produits chimiques dangereux.<\/p>\n<div class=\"reference-container\"> <a href=\"https:\/\/www.bio-clean.ca\/fr\/how-it-works\/\">Comment \u00e7a marche<\/a><br \/>\n<a href=\"https:\/\/www.bio-clean.ca\/fr\/what-it-is\/\">Ce que c&rsquo;est?<\/a><\/div>\n","protected":false},"excerpt":{"rendered":"NATUREL Dans la nature, toutes les mati\u00e8res animales et v\u00e9g\u00e9tales, des insectes aux puissants ch\u00eanes, sont d\u00e9compos\u00e9es et recycl\u00e9es en aliments v\u00e9g\u00e9taux par des enzymes et des bact\u00e9ries. BIO-CLEAN utilise ce m\u00eame principe pour biod\u00e9grader les d\u00e9chets animaux et v\u00e9g\u00e9taux dans les conduites. EFFICACE Lorsqu&rsquo;il est m\u00e9lang\u00e9 \u00e0 de l&rsquo;eau, BIO-CLEAN se met au travail!&#8230;","protected":false},"author":1,"featured_media":0,"parent":0,"menu_order":0,"comment_status":"closed","ping_status":"closed","template":"","meta":{"_acf_changed":false,"footnotes":""},"class_list":["post-1311","page","type-page","status-publish","hentry"],"translation":{"provider":"WPGlobus","version":"3.0.2","language":"fr","enabled_languages":["en","fr"],"languages":{"en":{"title":true,"content":true,"excerpt":false},"fr":{"title":true,"content":true,"excerpt":false}}},"acf":[],"yoast_head":"<!-- This site is optimized with the Yoast SEO plugin v27.3 - https:\/\/yoast.com\/product\/yoast-seo-wordpress\/ -->\n<title>Advantage Bio-Clean - Bio-Clean<\/title>\n<meta name=\"robots\" content=\"index, follow, max-snippet:-1, max-image-preview:large, max-video-preview:-1\" \/>\n<link rel=\"canonical\" href=\"https:\/\/www.bio-clean.ca\/fr\/the-bio-clean-advantage\/\" \/>\n<meta property=\"og:locale\" content=\"fr_FR\" \/>\n<meta property=\"og:type\" content=\"article\" \/>\n<meta property=\"og:title\" content=\"Advantage Bio-Clean - Bio-Clean\" \/>\n<meta property=\"og:url\" content=\"https:\/\/www.bio-clean.ca\/fr\/the-bio-clean-advantage\/\" \/>\n<meta property=\"og:site_name\" content=\"Bio-Clean\" \/>\n<meta property=\"article:modified_time\" content=\"2019-05-07T13:02:13+00:00\" \/>\n<meta property=\"og:image\" content=\"https:\/\/www.bio-clean.ca\/wp-content\/uploads\/bio-clean-advantage-natural-graphic.png\" \/>\n<meta name=\"twitter:card\" content=\"summary_large_image\" \/>\n<script type=\"application\/ld+json\" class=\"yoast-schema-graph\">{\"@context\":\"https:\\\/\\\/schema.org\",\"@graph\":[{\"@type\":\"WebPage\",\"@id\":\"https:\\\/\\\/www.bio-clean.ca\\\/fr\\\/the-bio-clean-advantage\\\/\",\"url\":\"https:\\\/\\\/www.bio-clean.ca\\\/fr\\\/the-bio-clean-advantage\\\/\",\"name\":\"Advantage Bio-Clean - Bio-Clean\",\"isPartOf\":{\"@id\":\"https:\\\/\\\/www.bio-clean.ca\\\/ca\\\/#website\"},\"primaryImageOfPage\":{\"@id\":\"https:\\\/\\\/www.bio-clean.ca\\\/fr\\\/the-bio-clean-advantage\\\/#primaryimage\"},\"image\":{\"@id\":\"https:\\\/\\\/www.bio-clean.ca\\\/fr\\\/the-bio-clean-advantage\\\/#primaryimage\"},\"thumbnailUrl\":\"https:\\\/\\\/www.bio-clean.ca\\\/wp-content\\\/uploads\\\/bio-clean-advantage-natural-graphic.png\",\"datePublished\":\"2018-10-10T14:04:20+00:00\",\"dateModified\":\"2019-05-07T13:02:13+00:00\",\"breadcrumb\":{\"@id\":\"https:\\\/\\\/www.bio-clean.ca\\\/fr\\\/the-bio-clean-advantage\\\/#breadcrumb\"},\"inLanguage\":\"fr-FR\",\"potentialAction\":[{\"@type\":\"ReadAction\",\"target\":[\"https:\\\/\\\/www.bio-clean.ca\\\/fr\\\/the-bio-clean-advantage\\\/\"]}]},{\"@type\":\"ImageObject\",\"inLanguage\":\"fr-FR\",\"@id\":\"https:\\\/\\\/www.bio-clean.ca\\\/fr\\\/the-bio-clean-advantage\\\/#primaryimage\",\"url\":\"https:\\\/\\\/www.bio-clean.ca\\\/wp-content\\\/uploads\\\/bio-clean-advantage-natural-graphic.png\",\"contentUrl\":\"https:\\\/\\\/www.bio-clean.ca\\\/wp-content\\\/uploads\\\/bio-clean-advantage-natural-graphic.png\"},{\"@type\":\"BreadcrumbList\",\"@id\":\"https:\\\/\\\/www.bio-clean.ca\\\/fr\\\/the-bio-clean-advantage\\\/#breadcrumb\",\"itemListElement\":[{\"@type\":\"ListItem\",\"position\":1,\"name\":\"Home\",\"item\":\"https:\\\/\\\/www.bio-clean.ca\\\/ca\\\/\"},{\"@type\":\"ListItem\",\"position\":2,\"name\":\"Advantage Bio-Clean\"}]},{\"@type\":\"WebSite\",\"@id\":\"https:\\\/\\\/www.bio-clean.ca\\\/ca\\\/#website\",\"url\":\"https:\\\/\\\/www.bio-clean.ca\\\/ca\\\/\",\"name\":\"Bio-Clean\",\"description\":\"L\u2019Aimable Bact\u00e9rie Qui \u00c9limine Les D\u00e9chets\",\"publisher\":{\"@id\":\"https:\\\/\\\/www.bio-clean.ca\\\/ca\\\/#organization\"},\"potentialAction\":[{\"@type\":\"SearchAction\",\"target\":{\"@type\":\"EntryPoint\",\"urlTemplate\":\"https:\\\/\\\/www.bio-clean.ca\\\/ca\\\/?s={search_term_string}\"},\"query-input\":{\"@type\":\"PropertyValueSpecification\",\"valueRequired\":true,\"valueName\":\"search_term_string\"}}],\"inLanguage\":\"fr-FR\"},{\"@type\":\"Organization\",\"@id\":\"https:\\\/\\\/www.bio-clean.ca\\\/ca\\\/#organization\",\"name\":\"Bio-Clean\",\"url\":\"https:\\\/\\\/www.bio-clean.ca\\\/ca\\\/\",\"logo\":{\"@type\":\"ImageObject\",\"inLanguage\":\"fr-FR\",\"@id\":\"https:\\\/\\\/www.bio-clean.ca\\\/ca\\\/#\\\/schema\\\/logo\\\/image\\\/\",\"url\":\"https:\\\/\\\/www.bio-clean.ca\\\/wp-content\\\/uploads\\\/bio-clean-logo-fre.png\",\"contentUrl\":\"https:\\\/\\\/www.bio-clean.ca\\\/wp-content\\\/uploads\\\/bio-clean-logo-fre.png\",\"width\":500,\"height\":98,\"caption\":\"Bio-Clean\"},\"image\":{\"@id\":\"https:\\\/\\\/www.bio-clean.ca\\\/ca\\\/#\\\/schema\\\/logo\\\/image\\\/\"}}]}<\/script>\n<!-- \/ Yoast SEO plugin. -->","yoast_head_json":{"title":"Advantage Bio-Clean - Bio-Clean","robots":{"index":"index","follow":"follow","max-snippet":"max-snippet:-1","max-image-preview":"max-image-preview:large","max-video-preview":"max-video-preview:-1"},"canonical":"https:\/\/www.bio-clean.ca\/fr\/the-bio-clean-advantage\/","og_locale":"fr_FR","og_type":"article","og_title":"Advantage Bio-Clean - Bio-Clean","og_url":"https:\/\/www.bio-clean.ca\/fr\/the-bio-clean-advantage\/","og_site_name":"Bio-Clean","article_modified_time":"2019-05-07T13:02:13+00:00","og_image":[{"url":"https:\/\/www.bio-clean.ca\/wp-content\/uploads\/bio-clean-advantage-natural-graphic.png","type":"","width":"","height":""}],"twitter_card":"summary_large_image","schema":{"@context":"https:\/\/schema.org","@graph":[{"@type":"WebPage","@id":"https:\/\/www.bio-clean.ca\/fr\/the-bio-clean-advantage\/","url":"https:\/\/www.bio-clean.ca\/fr\/the-bio-clean-advantage\/","name":"Advantage Bio-Clean - Bio-Clean","isPartOf":{"@id":"https:\/\/www.bio-clean.ca\/ca\/#website"},"primaryImageOfPage":{"@id":"https:\/\/www.bio-clean.ca\/fr\/the-bio-clean-advantage\/#primaryimage"},"image":{"@id":"https:\/\/www.bio-clean.ca\/fr\/the-bio-clean-advantage\/#primaryimage"},"thumbnailUrl":"https:\/\/www.bio-clean.ca\/wp-content\/uploads\/bio-clean-advantage-natural-graphic.png","datePublished":"2018-10-10T14:04:20+00:00","dateModified":"2019-05-07T13:02:13+00:00","breadcrumb":{"@id":"https:\/\/www.bio-clean.ca\/fr\/the-bio-clean-advantage\/#breadcrumb"},"inLanguage":"fr-FR","potentialAction":[{"@type":"ReadAction","target":["https:\/\/www.bio-clean.ca\/fr\/the-bio-clean-advantage\/"]}]},{"@type":"ImageObject","inLanguage":"fr-FR","@id":"https:\/\/www.bio-clean.ca\/fr\/the-bio-clean-advantage\/#primaryimage","url":"https:\/\/www.bio-clean.ca\/wp-content\/uploads\/bio-clean-advantage-natural-graphic.png","contentUrl":"https:\/\/www.bio-clean.ca\/wp-content\/uploads\/bio-clean-advantage-natural-graphic.png"},{"@type":"BreadcrumbList","@id":"https:\/\/www.bio-clean.ca\/fr\/the-bio-clean-advantage\/#breadcrumb","itemListElement":[{"@type":"ListItem","position":1,"name":"Home","item":"https:\/\/www.bio-clean.ca\/ca\/"},{"@type":"ListItem","position":2,"name":"Advantage Bio-Clean"}]},{"@type":"WebSite","@id":"https:\/\/www.bio-clean.ca\/ca\/#website","url":"https:\/\/www.bio-clean.ca\/ca\/","name":"Bio-Clean","description":"L\u2019Aimable Bact\u00e9rie Qui \u00c9limine Les D\u00e9chets","publisher":{"@id":"https:\/\/www.bio-clean.ca\/ca\/#organization"},"potentialAction":[{"@type":"SearchAction","target":{"@type":"EntryPoint","urlTemplate":"https:\/\/www.bio-clean.ca\/ca\/?s={search_term_string}"},"query-input":{"@type":"PropertyValueSpecification","valueRequired":true,"valueName":"search_term_string"}}],"inLanguage":"fr-FR"},{"@type":"Organization","@id":"https:\/\/www.bio-clean.ca\/ca\/#organization","name":"Bio-Clean","url":"https:\/\/www.bio-clean.ca\/ca\/","logo":{"@type":"ImageObject","inLanguage":"fr-FR","@id":"https:\/\/www.bio-clean.ca\/ca\/#\/schema\/logo\/image\/","url":"https:\/\/www.bio-clean.ca\/wp-content\/uploads\/bio-clean-logo-fre.png","contentUrl":"https:\/\/www.bio-clean.ca\/wp-content\/uploads\/bio-clean-logo-fre.png","width":500,"height":98,"caption":"Bio-Clean"},"image":{"@id":"https:\/\/www.bio-clean.ca\/ca\/#\/schema\/logo\/image\/"}}]}},"_links":{"self":[{"href":"https:\/\/www.bio-clean.ca\/fr\/wp-json\/wp\/v2\/pages\/1311","targetHints":{"allow":["GET"]}}],"collection":[{"href":"https:\/\/www.bio-clean.ca\/fr\/wp-json\/wp\/v2\/pages"}],"about":[{"href":"https:\/\/www.bio-clean.ca\/fr\/wp-json\/wp\/v2\/types\/page"}],"author":[{"embeddable":true,"href":"https:\/\/www.bio-clean.ca\/fr\/wp-json\/wp\/v2\/users\/1"}],"replies":[{"embeddable":true,"href":"https:\/\/www.bio-clean.ca\/fr\/wp-json\/wp\/v2\/comments?post=1311"}],"version-history":[{"count":15,"href":"https:\/\/www.bio-clean.ca\/fr\/wp-json\/wp\/v2\/pages\/1311\/revisions"}],"predecessor-version":[{"id":1362,"href":"https:\/\/www.bio-clean.ca\/fr\/wp-json\/wp\/v2\/pages\/1311\/revisions\/1362"}],"wp:attachment":[{"href":"https:\/\/www.bio-clean.ca\/fr\/wp-json\/wp\/v2\/media?parent=1311"}],"curies":[{"name":"wp","href":"https:\/\/api.w.org\/{rel}","templated":true}]}}