{"id":36,"date":"2018-09-28T15:01:13","date_gmt":"2018-09-28T18:01:13","guid":{"rendered":"http:\/\/bioclean.emgraphicdesign.ca\/?page_id=36"},"modified":"2019-05-16T12:30:53","modified_gmt":"2019-05-16T15:30:53","slug":"applications","status":"publish","type":"page","link":"https:\/\/www.bio-clean.ca\/fr\/applications\/","title":{"rendered":"Instructions d&rsquo;application"},"content":{"rendered":"<p>BIO-CLEAN doit \u00eatre m\u00e9lang\u00e9 vigoureusement avec de l&rsquo;eau ti\u00e8de (pas chaude) pendant 30 secondes, puis appliqu\u00e9 sans eau pendant six \u00e0 huit heures. Le coucher ou avant de partir au travail est le moment id\u00e9al. Cela laisse aux bact\u00e9ries le temps de s\u2019enfoncer profond\u00e9ment dans les d\u00e9chets pour qu\u2019elles ne soient pas lav\u00e9es lorsque l\u2019eau sera \u00e0 nouveau drain\u00e9e. Lorsque les circonstances ne permettent pas six \u00e0 huit heures d&rsquo;utilisation sans drain, il suffit de m\u00e9langer le dosage appropri\u00e9 \u00e0 de l&rsquo;eau ti\u00e8de et de le laisser reposer 20 minutes avant de le verser dans le drain. Cela permettra aux bact\u00e9ries de se r\u00e9veiller et d\u2019\u00eatre pr\u00eates \u00e0 commencer \u00e0 travailler au contact.<\/p>\n<p><strong>REMARQUE:<\/strong> <strong>BIO-CLEAN n\u2019est pas un produit d\u2019\u00e9limination instantan\u00e9e des encrassements. Si votre drain est bouch\u00e9 \u00e0 100%, nous vous recommandons de le lisser pour r\u00e9tablir le d\u00e9bit avant l&rsquo;application.<\/strong><\/p>\n<h5>INSTRUCTIONS G\u00c9N\u00c9RALES D&rsquo;UTILISATION<\/h5>\n<p>Comprend: <a href=\"\/instructions\/fr\/general-usage\/#eviers-baignoires-douches\">\u00e9viers<\/a>, <a href=\"\/instructions\/fr\/general-usage\/#eviers-baignoires-douches\">baignoires<\/a>, <a href=\"\/instructions\/fr\/general-usage\/#eviers-baignoires-douches\">douches<\/a>, <a href=\"\/instructions\/fr\/general-usage\/#drains-plancher\">drains de plancher<\/a>, <a href=\"\/instructions\/fr\/general-usage\/#evacuations-ordures-menageres\">\u00e9vacuations des ordures m\u00e9nag\u00e8res<\/a>, <a href=\"\/instructions\/fr\/general-usage\/#toilettes\">toilettes<\/a>, <a href=\"\/instructions\/fr\/general-usage\/#fosses-septiques\">fosses septiques<\/a>, <a href=\"\/instructions\/fr\/general-usage\/#bassins-vidange\">bassins de vidange<\/a>, <a href=\"\/instructions\/fr\/general-usage\/#champs-de-drainage\">champs de drainage<\/a>, <a href=\"\/instructions\/fr\/general-usage\/#vr-et-bateaux\">v\u00e9hicules r\u00e9cr\u00e9atifs et bateaux<\/a>, <a href=\"\/instructions\/fr\/general-usage\/#reservoirs-deau-grise\">r\u00e9servoirs d\u2019eau grise<\/a>, <a href=\"\/instructions\/fr\/general-usage\/#odeurs-de-chat\">odeurs de chat<\/a>, <a href=\"\/instructions\/fr\/general-usage\/#dependances\">d\u00e9pendances<\/a>, <a href=\"\/instructions\/fr\/general-usage\/#compostage\">compostage<\/a>, <a href=\"\/instructions\/fr\/general-usage\/#deversements-degout\">d\u00e9versements d\u2019\u00e9gout<\/a>, b\u00e2timents \u00e0 plusieurs \u00e9tages.<\/p>\n<p><a class=\"button\" href=\"\/fr\/instructions\/general-usage\/\">Voir en ligne<\/a> <a class=\"button\" href=\"\/wp-content\/uploads\/Bio-Clean-Instruction-Sheet-FRENCH.pdf\">PDF imprimable<\/a><br \/>\nVous trouverez des directives compl\u00e8tes sur chaque contenant.<\/p>\n<h5>INSTRUCTIONS D&rsquo;APPLICATION SP\u00c9CIFIQUES<\/h5>\n<p><strong>Fosses septiques \/ Les bassins, Champs de drainage<\/strong><br \/>\n<a href=\"https:\/\/www.bio-clean.ca\/instructions\/treating-septic-tanks-and-restoring-drainage-fields\/\">Voir en ligne<\/a> | <a href=\"\/wp-content\/uploads\/Bio-Clean-Septic-Tanks-and-Drainage-Fields-Instructions.pdf\">PDF imprimable<\/a><\/p>\n<p><strong>Fiche d&rsquo;information sur les champs septiques et Bio-Clean<\/strong><br \/>\n<a href=\"https:\/\/www.bio-clean.ca\/instructions\/septic-fields-and-bio-clean\/\">Voir en ligne<\/a> | <a href=\"\/wp-content\/uploads\/Bio-Clean-Traiter-les-fosses-septiques-et-restaurer-les-champs-de-drainage.pdf\">PDF imprimable<\/a><\/p>\n<p><strong>VR et bateaux<\/strong><br \/>\n<a href=\"https:\/\/www.bio-clean.ca\/instructions\/boat-rv-maintenance\/\">Voir en ligne<\/a> | <a href=\"\/wp-content\/uploads\/Bio-Cleann-Entretien-de-bateaux-et-de-v\u00e9hicules-de-camping.pdf\">PDF imprimable<\/a><\/p>\n<p><strong>Les d\u00e9pendances<\/strong><br \/>\n<a href=\"https:\/\/www.bio-clean.ca\/instructions\/outhouse-management\/\">Voir en ligne<\/a> | <a href=\"\/wp-content\/uploads\/Bio-Clean-La-gestion-des-toilettes-ext\u00e9rieures.pdf\">PDF imprimable<\/a><\/p>\n<p><strong>D\u00e9versements d&rsquo;eaux us\u00e9es<\/strong><br \/>\n<a href=\"https:\/\/www.bio-clean.ca\/instructions\/sewage-spills\/\">Voir en ligne<\/a> | <a href=\"\/wp-content\/uploads\/Bio-Clean-D\u00e9versements-d\u2019eaux-us\u00e9es.pdf\">PDF imprimable<\/a><\/p>\n<p><strong>B\u00e2timents \u00e0 plusieurs \u00e9tages<\/strong><br \/>\n<a href=\"https:\/\/www.bio-clean.ca\/instructions\/property-management\/\">Voir en ligne<\/a> | <a href=\"\/wp-content\/uploads\/Bio-Clean-Gestion-de-la-propri\u00e9t\u00e9.pdf\">PDF imprimable<\/a><\/p>\n<p><strong>Gestion de la brasserie<\/strong><br \/>\n<a href=\"https:\/\/www.bio-clean.ca\/instructions\/brewery-challenges-treatment\/\">Voir en ligne<\/a> | <a href=\"\/wp-content\/uploads\/Bio-Clean-D\u00e9fis-et-traitement-de-la-brasserie.pdf\">PDF imprimable<\/a><\/p>\n<h5>INFORMATION ADDITIONNELLE<\/h5>\n<p>Donn\u00e9es de s\u00e9curit\u00e9 mat\u00e9rielle (MSDS Sheet)<br \/>\n<a href=\"https:\/\/www.bio-clean.ca\/bio-clean-msds\/\">Voir en ligne<\/a> | <a href=\"\/wp-content\/uploads\/Bio-Clean_MSDS.pdf\">PDF imprimable<\/a><\/p>\n","protected":false},"excerpt":{"rendered":"BIO-CLEAN doit \u00eatre m\u00e9lang\u00e9 vigoureusement avec de l&rsquo;eau ti\u00e8de (pas chaude) pendant 30 secondes, puis appliqu\u00e9 sans eau pendant six \u00e0 huit heures. Le coucher ou avant de partir au travail est le moment id\u00e9al. Cela laisse aux bact\u00e9ries le temps de s\u2019enfoncer profond\u00e9ment dans les d\u00e9chets pour qu\u2019elles ne soient pas lav\u00e9es lorsque l\u2019eau&#8230;","protected":false},"author":1,"featured_media":0,"parent":0,"menu_order":0,"comment_status":"closed","ping_status":"closed","template":"","meta":{"_acf_changed":false,"footnotes":""},"class_list":["post-36","page","type-page","status-publish","hentry"],"translation":{"provider":"WPGlobus","version":"3.0.2","language":"fr","enabled_languages":["en","fr"],"languages":{"en":{"title":true,"content":true,"excerpt":false},"fr":{"title":true,"content":true,"excerpt":false}}},"acf":[],"yoast_head":"<!-- This site is optimized with the Yoast SEO plugin v27.4 - https:\/\/yoast.com\/product\/yoast-seo-wordpress\/ -->\n<title>Instructions d&#039;application - Bio-Clean<\/title>\n<meta name=\"robots\" content=\"index, follow, max-snippet:-1, max-image-preview:large, max-video-preview:-1\" \/>\n<link rel=\"canonical\" href=\"https:\/\/www.bio-clean.ca\/applications\/\" \/>\n<meta property=\"og:locale\" content=\"fr_FR\" \/>\n<meta property=\"og:type\" content=\"article\" \/>\n<meta property=\"og:title\" content=\"Instructions d&#039;application - Bio-Clean\" \/>\n<meta property=\"og:url\" content=\"https:\/\/www.bio-clean.ca\/applications\/\" \/>\n<meta property=\"og:site_name\" content=\"Bio-Clean\" \/>\n<meta property=\"article:modified_time\" content=\"2019-05-16T15:30:53+00:00\" \/>\n<meta name=\"twitter:card\" content=\"summary_large_image\" \/>\n<script type=\"application\/ld+json\" class=\"yoast-schema-graph\">{\"@context\":\"https:\\\/\\\/schema.org\",\"@graph\":[{\"@type\":\"WebPage\",\"@id\":\"https:\\\/\\\/www.bio-clean.ca\\\/applications\\\/\",\"url\":\"https:\\\/\\\/www.bio-clean.ca\\\/applications\\\/\",\"name\":\"Instructions d'application - Bio-Clean\",\"isPartOf\":{\"@id\":\"https:\\\/\\\/www.bio-clean.ca\\\/ca\\\/#website\"},\"datePublished\":\"2018-09-28T18:01:13+00:00\",\"dateModified\":\"2019-05-16T15:30:53+00:00\",\"breadcrumb\":{\"@id\":\"https:\\\/\\\/www.bio-clean.ca\\\/applications\\\/#breadcrumb\"},\"inLanguage\":\"fr-FR\",\"potentialAction\":[{\"@type\":\"ReadAction\",\"target\":[\"https:\\\/\\\/www.bio-clean.ca\\\/applications\\\/\"]}]},{\"@type\":\"BreadcrumbList\",\"@id\":\"https:\\\/\\\/www.bio-clean.ca\\\/applications\\\/#breadcrumb\",\"itemListElement\":[{\"@type\":\"ListItem\",\"position\":1,\"name\":\"Home\",\"item\":\"https:\\\/\\\/www.bio-clean.ca\\\/ca\\\/\"},{\"@type\":\"ListItem\",\"position\":2,\"name\":\"Application Instructions\"}]},{\"@type\":\"WebSite\",\"@id\":\"https:\\\/\\\/www.bio-clean.ca\\\/ca\\\/#website\",\"url\":\"https:\\\/\\\/www.bio-clean.ca\\\/ca\\\/\",\"name\":\"Bio-Clean\",\"description\":\"L\u2019Aimable Bact\u00e9rie Qui \u00c9limine Les D\u00e9chets\",\"publisher\":{\"@id\":\"https:\\\/\\\/www.bio-clean.ca\\\/ca\\\/#organization\"},\"potentialAction\":[{\"@type\":\"SearchAction\",\"target\":{\"@type\":\"EntryPoint\",\"urlTemplate\":\"https:\\\/\\\/www.bio-clean.ca\\\/ca\\\/?s={search_term_string}\"},\"query-input\":{\"@type\":\"PropertyValueSpecification\",\"valueRequired\":true,\"valueName\":\"search_term_string\"}}],\"inLanguage\":\"fr-FR\"},{\"@type\":\"Organization\",\"@id\":\"https:\\\/\\\/www.bio-clean.ca\\\/ca\\\/#organization\",\"name\":\"Bio-Clean\",\"url\":\"https:\\\/\\\/www.bio-clean.ca\\\/ca\\\/\",\"logo\":{\"@type\":\"ImageObject\",\"inLanguage\":\"fr-FR\",\"@id\":\"https:\\\/\\\/www.bio-clean.ca\\\/ca\\\/#\\\/schema\\\/logo\\\/image\\\/\",\"url\":\"https:\\\/\\\/www.bio-clean.ca\\\/wp-content\\\/uploads\\\/bio-clean-logo-fre.png\",\"contentUrl\":\"https:\\\/\\\/www.bio-clean.ca\\\/wp-content\\\/uploads\\\/bio-clean-logo-fre.png\",\"width\":500,\"height\":98,\"caption\":\"Bio-Clean\"},\"image\":{\"@id\":\"https:\\\/\\\/www.bio-clean.ca\\\/ca\\\/#\\\/schema\\\/logo\\\/image\\\/\"}}]}<\/script>\n<!-- \/ Yoast SEO plugin. -->","yoast_head_json":{"title":"Instructions d'application - Bio-Clean","robots":{"index":"index","follow":"follow","max-snippet":"max-snippet:-1","max-image-preview":"max-image-preview:large","max-video-preview":"max-video-preview:-1"},"canonical":"https:\/\/www.bio-clean.ca\/applications\/","og_locale":"fr_FR","og_type":"article","og_title":"Instructions d'application - Bio-Clean","og_url":"https:\/\/www.bio-clean.ca\/applications\/","og_site_name":"Bio-Clean","article_modified_time":"2019-05-16T15:30:53+00:00","twitter_card":"summary_large_image","schema":{"@context":"https:\/\/schema.org","@graph":[{"@type":"WebPage","@id":"https:\/\/www.bio-clean.ca\/applications\/","url":"https:\/\/www.bio-clean.ca\/applications\/","name":"Instructions d'application - Bio-Clean","isPartOf":{"@id":"https:\/\/www.bio-clean.ca\/ca\/#website"},"datePublished":"2018-09-28T18:01:13+00:00","dateModified":"2019-05-16T15:30:53+00:00","breadcrumb":{"@id":"https:\/\/www.bio-clean.ca\/applications\/#breadcrumb"},"inLanguage":"fr-FR","potentialAction":[{"@type":"ReadAction","target":["https:\/\/www.bio-clean.ca\/applications\/"]}]},{"@type":"BreadcrumbList","@id":"https:\/\/www.bio-clean.ca\/applications\/#breadcrumb","itemListElement":[{"@type":"ListItem","position":1,"name":"Home","item":"https:\/\/www.bio-clean.ca\/ca\/"},{"@type":"ListItem","position":2,"name":"Application Instructions"}]},{"@type":"WebSite","@id":"https:\/\/www.bio-clean.ca\/ca\/#website","url":"https:\/\/www.bio-clean.ca\/ca\/","name":"Bio-Clean","description":"L\u2019Aimable Bact\u00e9rie Qui \u00c9limine Les D\u00e9chets","publisher":{"@id":"https:\/\/www.bio-clean.ca\/ca\/#organization"},"potentialAction":[{"@type":"SearchAction","target":{"@type":"EntryPoint","urlTemplate":"https:\/\/www.bio-clean.ca\/ca\/?s={search_term_string}"},"query-input":{"@type":"PropertyValueSpecification","valueRequired":true,"valueName":"search_term_string"}}],"inLanguage":"fr-FR"},{"@type":"Organization","@id":"https:\/\/www.bio-clean.ca\/ca\/#organization","name":"Bio-Clean","url":"https:\/\/www.bio-clean.ca\/ca\/","logo":{"@type":"ImageObject","inLanguage":"fr-FR","@id":"https:\/\/www.bio-clean.ca\/ca\/#\/schema\/logo\/image\/","url":"https:\/\/www.bio-clean.ca\/wp-content\/uploads\/bio-clean-logo-fre.png","contentUrl":"https:\/\/www.bio-clean.ca\/wp-content\/uploads\/bio-clean-logo-fre.png","width":500,"height":98,"caption":"Bio-Clean"},"image":{"@id":"https:\/\/www.bio-clean.ca\/ca\/#\/schema\/logo\/image\/"}}]}},"_links":{"self":[{"href":"https:\/\/www.bio-clean.ca\/fr\/wp-json\/wp\/v2\/pages\/36","targetHints":{"allow":["GET"]}}],"collection":[{"href":"https:\/\/www.bio-clean.ca\/fr\/wp-json\/wp\/v2\/pages"}],"about":[{"href":"https:\/\/www.bio-clean.ca\/fr\/wp-json\/wp\/v2\/types\/page"}],"author":[{"embeddable":true,"href":"https:\/\/www.bio-clean.ca\/fr\/wp-json\/wp\/v2\/users\/1"}],"replies":[{"embeddable":true,"href":"https:\/\/www.bio-clean.ca\/fr\/wp-json\/wp\/v2\/comments?post=36"}],"version-history":[{"count":39,"href":"https:\/\/www.bio-clean.ca\/fr\/wp-json\/wp\/v2\/pages\/36\/revisions"}],"predecessor-version":[{"id":1938,"href":"https:\/\/www.bio-clean.ca\/fr\/wp-json\/wp\/v2\/pages\/36\/revisions\/1938"}],"wp:attachment":[{"href":"https:\/\/www.bio-clean.ca\/fr\/wp-json\/wp\/v2\/media?parent=36"}],"curies":[{"name":"wp","href":"https:\/\/api.w.org\/{rel}","templated":true}]}}