{"id":65,"date":"2018-10-01T13:35:50","date_gmt":"2018-10-01T16:35:50","guid":{"rendered":"http:\/\/bioclean.emgraphicdesign.ca\/?page_id=65"},"modified":"2018-10-12T15:13:43","modified_gmt":"2018-10-12T18:13:43","slug":"contact","status":"publish","type":"page","link":"https:\/\/www.bio-clean.ca\/fr\/contact\/","title":{"rendered":"Contactez-nous"},"content":{"rendered":"<p>Nous esp\u00e9rons que vous serez pleinement satisfaits et nous nous ferons un plaisir de vous aider.<\/p>\n<p>If you have a question or concern regarding Bio-Clean have you read our <a href=\"https:\/\/www.bio-clean.ca\/frequently-asked-questions\/\">Frequently Asked Questions<\/a> or tried a <a href=\"#search\"><i class=\"fa fa-search\"><\/i>&nbsp;Site Search?<\/a><\/p>\n<p>If you wish to submit a comment or review click here.<\/p>\n<p><span class=\"bioCleanName\">BIO-CLEAN<\/span> est vendue exclusivement par l&rsquo;entremise de la plomberie et de l&rsquo;industrie de pompage.<br \/>\nSi vous \u00eates int\u00e9ress\u00e9 \u00e0 devenir un revendeur, avez des questions ou ne peut pas trouver un distributeur dans votre r\u00e9gion:<\/p>\n<p><strong>CANADA APPEL<\/strong> 1-866-286-5931<\/p>\n<p><strong>\u00c9crivez-nous \u00e0:<\/strong> <a href=\"mailto:info@bio-clean.ca\">info@bio-clean.ca<\/a><\/p>\n","protected":false},"excerpt":{"rendered":"Nous esp\u00e9rons que vous serez pleinement satisfaits et nous nous ferons un plaisir de vous aider. If you have a question or concern regarding Bio-Clean have you read our Frequently Asked Questions or tried a If you wish to submit a comment or review click here. BIO-CLEAN est vendue exclusivement par l&rsquo;entremise de la plomberie&#8230;","protected":false},"author":1,"featured_media":0,"parent":0,"menu_order":0,"comment_status":"closed","ping_status":"closed","template":"","meta":{"_acf_changed":false,"footnotes":""},"class_list":["post-65","page","type-page","status-publish","hentry"],"translation":{"provider":"WPGlobus","version":"3.0.2","language":"fr","enabled_languages":["en","fr"],"languages":{"en":{"title":true,"content":true,"excerpt":false},"fr":{"title":true,"content":true,"excerpt":false}}},"acf":[],"yoast_head":"<!-- This site is optimized with the Yoast SEO plugin v27.3 - https:\/\/yoast.com\/product\/yoast-seo-wordpress\/ -->\n<title>Contactez-nous - Bio-Clean<\/title>\n<meta name=\"robots\" content=\"index, follow, max-snippet:-1, max-image-preview:large, max-video-preview:-1\" \/>\n<link rel=\"canonical\" href=\"https:\/\/www.bio-clean.ca\/contact\/\" \/>\n<meta property=\"og:locale\" content=\"fr_FR\" \/>\n<meta property=\"og:type\" content=\"article\" \/>\n<meta property=\"og:title\" content=\"Contactez-nous - Bio-Clean\" \/>\n<meta property=\"og:url\" content=\"https:\/\/www.bio-clean.ca\/contact\/\" \/>\n<meta property=\"og:site_name\" content=\"Bio-Clean\" \/>\n<meta property=\"article:modified_time\" content=\"2018-10-12T18:13:43+00:00\" \/>\n<meta name=\"twitter:card\" content=\"summary_large_image\" \/>\n<script type=\"application\/ld+json\" class=\"yoast-schema-graph\">{\"@context\":\"https:\\\/\\\/schema.org\",\"@graph\":[{\"@type\":\"WebPage\",\"@id\":\"https:\\\/\\\/www.bio-clean.ca\\\/contact\\\/\",\"url\":\"https:\\\/\\\/www.bio-clean.ca\\\/contact\\\/\",\"name\":\"Contactez-nous - Bio-Clean\",\"isPartOf\":{\"@id\":\"https:\\\/\\\/www.bio-clean.ca\\\/ca\\\/#website\"},\"datePublished\":\"2018-10-01T16:35:50+00:00\",\"dateModified\":\"2018-10-12T18:13:43+00:00\",\"breadcrumb\":{\"@id\":\"https:\\\/\\\/www.bio-clean.ca\\\/contact\\\/#breadcrumb\"},\"inLanguage\":\"fr-FR\",\"potentialAction\":[{\"@type\":\"ReadAction\",\"target\":[\"https:\\\/\\\/www.bio-clean.ca\\\/contact\\\/\"]}]},{\"@type\":\"BreadcrumbList\",\"@id\":\"https:\\\/\\\/www.bio-clean.ca\\\/contact\\\/#breadcrumb\",\"itemListElement\":[{\"@type\":\"ListItem\",\"position\":1,\"name\":\"Home\",\"item\":\"https:\\\/\\\/www.bio-clean.ca\\\/ca\\\/\"},{\"@type\":\"ListItem\",\"position\":2,\"name\":\"Contact\"}]},{\"@type\":\"WebSite\",\"@id\":\"https:\\\/\\\/www.bio-clean.ca\\\/ca\\\/#website\",\"url\":\"https:\\\/\\\/www.bio-clean.ca\\\/ca\\\/\",\"name\":\"Bio-Clean\",\"description\":\"L\u2019Aimable Bact\u00e9rie Qui \u00c9limine Les D\u00e9chets\",\"publisher\":{\"@id\":\"https:\\\/\\\/www.bio-clean.ca\\\/ca\\\/#organization\"},\"potentialAction\":[{\"@type\":\"SearchAction\",\"target\":{\"@type\":\"EntryPoint\",\"urlTemplate\":\"https:\\\/\\\/www.bio-clean.ca\\\/ca\\\/?s={search_term_string}\"},\"query-input\":{\"@type\":\"PropertyValueSpecification\",\"valueRequired\":true,\"valueName\":\"search_term_string\"}}],\"inLanguage\":\"fr-FR\"},{\"@type\":\"Organization\",\"@id\":\"https:\\\/\\\/www.bio-clean.ca\\\/ca\\\/#organization\",\"name\":\"Bio-Clean\",\"url\":\"https:\\\/\\\/www.bio-clean.ca\\\/ca\\\/\",\"logo\":{\"@type\":\"ImageObject\",\"inLanguage\":\"fr-FR\",\"@id\":\"https:\\\/\\\/www.bio-clean.ca\\\/ca\\\/#\\\/schema\\\/logo\\\/image\\\/\",\"url\":\"https:\\\/\\\/www.bio-clean.ca\\\/wp-content\\\/uploads\\\/bio-clean-logo-fre.png\",\"contentUrl\":\"https:\\\/\\\/www.bio-clean.ca\\\/wp-content\\\/uploads\\\/bio-clean-logo-fre.png\",\"width\":500,\"height\":98,\"caption\":\"Bio-Clean\"},\"image\":{\"@id\":\"https:\\\/\\\/www.bio-clean.ca\\\/ca\\\/#\\\/schema\\\/logo\\\/image\\\/\"}}]}<\/script>\n<!-- \/ Yoast SEO plugin. -->","yoast_head_json":{"title":"Contactez-nous - Bio-Clean","robots":{"index":"index","follow":"follow","max-snippet":"max-snippet:-1","max-image-preview":"max-image-preview:large","max-video-preview":"max-video-preview:-1"},"canonical":"https:\/\/www.bio-clean.ca\/contact\/","og_locale":"fr_FR","og_type":"article","og_title":"Contactez-nous - Bio-Clean","og_url":"https:\/\/www.bio-clean.ca\/contact\/","og_site_name":"Bio-Clean","article_modified_time":"2018-10-12T18:13:43+00:00","twitter_card":"summary_large_image","schema":{"@context":"https:\/\/schema.org","@graph":[{"@type":"WebPage","@id":"https:\/\/www.bio-clean.ca\/contact\/","url":"https:\/\/www.bio-clean.ca\/contact\/","name":"Contactez-nous - Bio-Clean","isPartOf":{"@id":"https:\/\/www.bio-clean.ca\/ca\/#website"},"datePublished":"2018-10-01T16:35:50+00:00","dateModified":"2018-10-12T18:13:43+00:00","breadcrumb":{"@id":"https:\/\/www.bio-clean.ca\/contact\/#breadcrumb"},"inLanguage":"fr-FR","potentialAction":[{"@type":"ReadAction","target":["https:\/\/www.bio-clean.ca\/contact\/"]}]},{"@type":"BreadcrumbList","@id":"https:\/\/www.bio-clean.ca\/contact\/#breadcrumb","itemListElement":[{"@type":"ListItem","position":1,"name":"Home","item":"https:\/\/www.bio-clean.ca\/ca\/"},{"@type":"ListItem","position":2,"name":"Contact"}]},{"@type":"WebSite","@id":"https:\/\/www.bio-clean.ca\/ca\/#website","url":"https:\/\/www.bio-clean.ca\/ca\/","name":"Bio-Clean","description":"L\u2019Aimable Bact\u00e9rie Qui \u00c9limine Les D\u00e9chets","publisher":{"@id":"https:\/\/www.bio-clean.ca\/ca\/#organization"},"potentialAction":[{"@type":"SearchAction","target":{"@type":"EntryPoint","urlTemplate":"https:\/\/www.bio-clean.ca\/ca\/?s={search_term_string}"},"query-input":{"@type":"PropertyValueSpecification","valueRequired":true,"valueName":"search_term_string"}}],"inLanguage":"fr-FR"},{"@type":"Organization","@id":"https:\/\/www.bio-clean.ca\/ca\/#organization","name":"Bio-Clean","url":"https:\/\/www.bio-clean.ca\/ca\/","logo":{"@type":"ImageObject","inLanguage":"fr-FR","@id":"https:\/\/www.bio-clean.ca\/ca\/#\/schema\/logo\/image\/","url":"https:\/\/www.bio-clean.ca\/wp-content\/uploads\/bio-clean-logo-fre.png","contentUrl":"https:\/\/www.bio-clean.ca\/wp-content\/uploads\/bio-clean-logo-fre.png","width":500,"height":98,"caption":"Bio-Clean"},"image":{"@id":"https:\/\/www.bio-clean.ca\/ca\/#\/schema\/logo\/image\/"}}]}},"_links":{"self":[{"href":"https:\/\/www.bio-clean.ca\/fr\/wp-json\/wp\/v2\/pages\/65","targetHints":{"allow":["GET"]}}],"collection":[{"href":"https:\/\/www.bio-clean.ca\/fr\/wp-json\/wp\/v2\/pages"}],"about":[{"href":"https:\/\/www.bio-clean.ca\/fr\/wp-json\/wp\/v2\/types\/page"}],"author":[{"embeddable":true,"href":"https:\/\/www.bio-clean.ca\/fr\/wp-json\/wp\/v2\/users\/1"}],"replies":[{"embeddable":true,"href":"https:\/\/www.bio-clean.ca\/fr\/wp-json\/wp\/v2\/comments?post=65"}],"version-history":[{"count":10,"href":"https:\/\/www.bio-clean.ca\/fr\/wp-json\/wp\/v2\/pages\/65\/revisions"}],"predecessor-version":[{"id":1656,"href":"https:\/\/www.bio-clean.ca\/fr\/wp-json\/wp\/v2\/pages\/65\/revisions\/1656"}],"wp:attachment":[{"href":"https:\/\/www.bio-clean.ca\/fr\/wp-json\/wp\/v2\/media?parent=65"}],"curies":[{"name":"wp","href":"https:\/\/api.w.org\/{rel}","templated":true}]}}