{"id":76,"date":"2018-10-01T14:23:38","date_gmt":"2018-10-01T17:23:38","guid":{"rendered":"http:\/\/bioclean.emgraphicdesign.ca\/?page_id=76"},"modified":"2022-02-18T08:56:51","modified_gmt":"2022-02-18T12:56:51","slug":"how-it-works","status":"publish","type":"page","link":"https:\/\/www.bio-clean.ca\/fr\/how-it-works\/","title":{"rendered":"Functionnement"},"content":{"rendered":"<p style=\"text-align: center;\"><img loading=\"lazy\" decoding=\"async\" width=\"868\" height=\"346\" class=\"alignleft u-max-full-width wp-image-1349\" src=\"https:\/\/www.bio-clean.ca\/wp-content\/uploads\/bio-clean-beauty-graphic-fre.jpg\" alt=\"\" srcset=\"https:\/\/www.bio-clean.ca\/wp-content\/uploads\/bio-clean-beauty-graphic-fre.jpg 868w, https:\/\/www.bio-clean.ca\/wp-content\/uploads\/bio-clean-beauty-graphic-fre-600x239.jpg 600w, https:\/\/www.bio-clean.ca\/wp-content\/uploads\/bio-clean-beauty-graphic-fre-250x100.jpg 250w, https:\/\/www.bio-clean.ca\/wp-content\/uploads\/bio-clean-beauty-graphic-fre-768x306.jpg 768w, https:\/\/www.bio-clean.ca\/wp-content\/uploads\/bio-clean-beauty-graphic-fre-700x279.jpg 700w, https:\/\/www.bio-clean.ca\/wp-content\/uploads\/bio-clean-beauty-graphic-fre-120x48.jpg 120w\" sizes=\"auto, (max-width: 868px) 100vw, 868px\" \/><br \/>\n<span style=\"color: #008b85;\"><em><strong>Dans la nature, toutes les mati\u00e8res v\u00e9g\u00e9tales et animales allant des insectes aux grands ch\u00eanes, est d\u00e9compos\u00e9 et recycl\u00e9 dans la nourriture des plantes par des enzymes et des bact\u00e9ries. <span class=\"bioCleanName\">BIO-CLEAN<\/span> utilise ce m\u00eame principe pour biod\u00e9grader les d\u00e9chets d&rsquo;origine animale et v\u00e9g\u00e9tale dans les tuyaux.<\/strong><\/em><\/span><\/p>\n<p><strong>Comme tous les \u00eatres vivants,<\/strong> les bact\u00e9ries doivent manger pour survivre. Heureusement, certains types de bact\u00e9ries vont utiliser la graisse, les cheveux, film de savon et de d\u00e9chets organiques qui ont tendance \u00e8 obstruer les peuples drains, de la nourriture.<\/p>\n<p><strong>Les enzymes agissent comme des courts cuisiniers de l&rsquo;ordre.<\/strong> Ils pr\u00e9parent la nourriture pour les bact\u00e9ries en cassant les grosses mol\u00e9cules en une taille des bact\u00e9ries peuvent \u00ab\u00a0avaler\u00a0\u00bb. Chaque enzyme fonctionne sur un type sp\u00e9cifique de mol\u00e9cule. Par exemple, l&rsquo;enzyme prot\u00e9ase ne fonctionne que sur les prot\u00e9ines. Lipase ne fonctionne que sur les graisses.<\/p>\n<p><strong>Lorsque m\u00e9lang\u00e9 avec de l&rsquo;eau, <span class=\"bioCleanName\">BIO-CLEAN<\/span> passe imm\u00e9diatement au travail!<\/strong> Les enzymes sont tr\u00e8s rapides et commencent \u00e0 d\u00e9composer les d\u00e9chets sur le contact, la cr\u00e9ation de nourriture pour les bact\u00e9ries. <span class=\"bioCleanName\">BIO-CLEAN<\/span> contient des milliards de bact\u00e9ries et comme ils mangent, ils doubler en nombre toutes les 30 minutes. Chacun mange son poids en d\u00e9chets chaque minute &#8211; et le meilleur de tout, ils ne dorment jamais! Sans restriction par gravit\u00e9, ils se propagent \u00e0 travers l&rsquo;ensemble du syst\u00e8me de plomberie, d\u00e9vorant tous les d\u00e9chets organiques.<\/p>\n<hr \/>\n<div class=\"row\">\n<div class=\"one-third column\"><img decoding=\"async\" class=\"u-max-full-width\" src=\"https:\/\/www.bio-clean.ca\/wp-content\/uploads\/pipe-graphic1-250x219.png\" alt=\"\" \/>D\u00e9chets s&rsquo;accumulent dans les tuyaux provoquant lente, ou m\u00eame drains bouch\u00e9s.<\/div>\n<div class=\"one-third column\"><img decoding=\"async\" class=\"u-max-full-width\" src=\"https:\/\/www.bio-clean.ca\/wp-content\/uploads\/pipe-graphic2-250x219.png\" alt=\"\" \/>En quelques jours, BIO-CLEAN commence \u00e0 manger \u00e0 travers la crasse, r\u00e9tablir le flux de vidange \u00e0 pleine capacit\u00e9.<\/div>\n<div class=\"one-third column\"><img decoding=\"async\" class=\"u-max-full-width\" src=\"https:\/\/www.bio-clean.ca\/wp-content\/uploads\/pipe-graphic3-250x219.png\" alt=\"\" \/>Traitements BIO-CLEAN mensuels garder vos drains propre et sans probl\u00e8me.<\/div>\n<\/div>\n<hr \/>\n<h6 style=\"text-align: center;\">Avec les traitements d&rsquo;entretien p\u00e9riodique, de nouveaux d\u00e9chets organiques accumulation est emp\u00each\u00e9e et donc &#8211; pas plus lent drains ou sabots!<\/h6>\n","protected":false},"excerpt":{"rendered":"Dans la nature, toutes les mati\u00e8res v\u00e9g\u00e9tales et animales allant des insectes aux grands ch\u00eanes, est d\u00e9compos\u00e9 et recycl\u00e9 dans la nourriture des plantes par des enzymes et des bact\u00e9ries. BIO-CLEAN utilise ce m\u00eame principe pour biod\u00e9grader les d\u00e9chets d&rsquo;origine animale et v\u00e9g\u00e9tale dans les tuyaux. Comme tous les \u00eatres vivants, les bact\u00e9ries doivent manger&#8230;","protected":false},"author":1,"featured_media":0,"parent":0,"menu_order":0,"comment_status":"closed","ping_status":"closed","template":"","meta":{"_acf_changed":false,"footnotes":""},"class_list":["post-76","page","type-page","status-publish","hentry"],"translation":{"provider":"WPGlobus","version":"3.0.2","language":"fr","enabled_languages":["en","fr"],"languages":{"en":{"title":true,"content":true,"excerpt":false},"fr":{"title":true,"content":true,"excerpt":false}}},"acf":[],"yoast_head":"<!-- This site is optimized with the Yoast SEO plugin v27.3 - https:\/\/yoast.com\/product\/yoast-seo-wordpress\/ -->\n<title>Functionnement - Bio-Clean<\/title>\n<meta name=\"robots\" content=\"index, follow, max-snippet:-1, max-image-preview:large, max-video-preview:-1\" \/>\n<link rel=\"canonical\" href=\"https:\/\/www.bio-clean.ca\/how-it-works\/\" \/>\n<meta property=\"og:locale\" content=\"fr_FR\" \/>\n<meta property=\"og:type\" content=\"article\" \/>\n<meta property=\"og:title\" content=\"Functionnement - Bio-Clean\" \/>\n<meta property=\"og:url\" content=\"https:\/\/www.bio-clean.ca\/how-it-works\/\" \/>\n<meta property=\"og:site_name\" content=\"Bio-Clean\" \/>\n<meta property=\"article:modified_time\" content=\"2022-02-18T12:56:51+00:00\" \/>\n<meta property=\"og:image\" content=\"https:\/\/www.bio-clean.ca\/wp-content\/uploads\/bio-clean-beauty-graphic.jpg\" \/>\n<meta name=\"twitter:card\" content=\"summary_large_image\" \/>\n<script type=\"application\/ld+json\" class=\"yoast-schema-graph\">{\"@context\":\"https:\\\/\\\/schema.org\",\"@graph\":[{\"@type\":\"WebPage\",\"@id\":\"https:\\\/\\\/www.bio-clean.ca\\\/how-it-works\\\/\",\"url\":\"https:\\\/\\\/www.bio-clean.ca\\\/how-it-works\\\/\",\"name\":\"Functionnement - Bio-Clean\",\"isPartOf\":{\"@id\":\"https:\\\/\\\/www.bio-clean.ca\\\/ca\\\/#website\"},\"primaryImageOfPage\":{\"@id\":\"https:\\\/\\\/www.bio-clean.ca\\\/how-it-works\\\/#primaryimage\"},\"image\":{\"@id\":\"https:\\\/\\\/www.bio-clean.ca\\\/how-it-works\\\/#primaryimage\"},\"thumbnailUrl\":\"https:\\\/\\\/www.bio-clean.ca\\\/wp-content\\\/uploads\\\/bio-clean-beauty-graphic.jpg\",\"datePublished\":\"2018-10-01T17:23:38+00:00\",\"dateModified\":\"2022-02-18T12:56:51+00:00\",\"breadcrumb\":{\"@id\":\"https:\\\/\\\/www.bio-clean.ca\\\/how-it-works\\\/#breadcrumb\"},\"inLanguage\":\"fr-FR\",\"potentialAction\":[{\"@type\":\"ReadAction\",\"target\":[\"https:\\\/\\\/www.bio-clean.ca\\\/how-it-works\\\/\"]}]},{\"@type\":\"ImageObject\",\"inLanguage\":\"fr-FR\",\"@id\":\"https:\\\/\\\/www.bio-clean.ca\\\/how-it-works\\\/#primaryimage\",\"url\":\"https:\\\/\\\/www.bio-clean.ca\\\/wp-content\\\/uploads\\\/bio-clean-beauty-graphic.jpg\",\"contentUrl\":\"https:\\\/\\\/www.bio-clean.ca\\\/wp-content\\\/uploads\\\/bio-clean-beauty-graphic.jpg\"},{\"@type\":\"BreadcrumbList\",\"@id\":\"https:\\\/\\\/www.bio-clean.ca\\\/how-it-works\\\/#breadcrumb\",\"itemListElement\":[{\"@type\":\"ListItem\",\"position\":1,\"name\":\"Home\",\"item\":\"https:\\\/\\\/www.bio-clean.ca\\\/ca\\\/\"},{\"@type\":\"ListItem\",\"position\":2,\"name\":\"How It Works\"}]},{\"@type\":\"WebSite\",\"@id\":\"https:\\\/\\\/www.bio-clean.ca\\\/ca\\\/#website\",\"url\":\"https:\\\/\\\/www.bio-clean.ca\\\/ca\\\/\",\"name\":\"Bio-Clean\",\"description\":\"L\u2019Aimable Bact\u00e9rie Qui \u00c9limine Les D\u00e9chets\",\"publisher\":{\"@id\":\"https:\\\/\\\/www.bio-clean.ca\\\/ca\\\/#organization\"},\"potentialAction\":[{\"@type\":\"SearchAction\",\"target\":{\"@type\":\"EntryPoint\",\"urlTemplate\":\"https:\\\/\\\/www.bio-clean.ca\\\/ca\\\/?s={search_term_string}\"},\"query-input\":{\"@type\":\"PropertyValueSpecification\",\"valueRequired\":true,\"valueName\":\"search_term_string\"}}],\"inLanguage\":\"fr-FR\"},{\"@type\":\"Organization\",\"@id\":\"https:\\\/\\\/www.bio-clean.ca\\\/ca\\\/#organization\",\"name\":\"Bio-Clean\",\"url\":\"https:\\\/\\\/www.bio-clean.ca\\\/ca\\\/\",\"logo\":{\"@type\":\"ImageObject\",\"inLanguage\":\"fr-FR\",\"@id\":\"https:\\\/\\\/www.bio-clean.ca\\\/ca\\\/#\\\/schema\\\/logo\\\/image\\\/\",\"url\":\"https:\\\/\\\/www.bio-clean.ca\\\/wp-content\\\/uploads\\\/bio-clean-logo-fre.png\",\"contentUrl\":\"https:\\\/\\\/www.bio-clean.ca\\\/wp-content\\\/uploads\\\/bio-clean-logo-fre.png\",\"width\":500,\"height\":98,\"caption\":\"Bio-Clean\"},\"image\":{\"@id\":\"https:\\\/\\\/www.bio-clean.ca\\\/ca\\\/#\\\/schema\\\/logo\\\/image\\\/\"}}]}<\/script>\n<!-- \/ Yoast SEO plugin. -->","yoast_head_json":{"title":"Functionnement - Bio-Clean","robots":{"index":"index","follow":"follow","max-snippet":"max-snippet:-1","max-image-preview":"max-image-preview:large","max-video-preview":"max-video-preview:-1"},"canonical":"https:\/\/www.bio-clean.ca\/how-it-works\/","og_locale":"fr_FR","og_type":"article","og_title":"Functionnement - Bio-Clean","og_url":"https:\/\/www.bio-clean.ca\/how-it-works\/","og_site_name":"Bio-Clean","article_modified_time":"2022-02-18T12:56:51+00:00","og_image":[{"url":"https:\/\/www.bio-clean.ca\/wp-content\/uploads\/bio-clean-beauty-graphic.jpg","type":"","width":"","height":""}],"twitter_card":"summary_large_image","schema":{"@context":"https:\/\/schema.org","@graph":[{"@type":"WebPage","@id":"https:\/\/www.bio-clean.ca\/how-it-works\/","url":"https:\/\/www.bio-clean.ca\/how-it-works\/","name":"Functionnement - Bio-Clean","isPartOf":{"@id":"https:\/\/www.bio-clean.ca\/ca\/#website"},"primaryImageOfPage":{"@id":"https:\/\/www.bio-clean.ca\/how-it-works\/#primaryimage"},"image":{"@id":"https:\/\/www.bio-clean.ca\/how-it-works\/#primaryimage"},"thumbnailUrl":"https:\/\/www.bio-clean.ca\/wp-content\/uploads\/bio-clean-beauty-graphic.jpg","datePublished":"2018-10-01T17:23:38+00:00","dateModified":"2022-02-18T12:56:51+00:00","breadcrumb":{"@id":"https:\/\/www.bio-clean.ca\/how-it-works\/#breadcrumb"},"inLanguage":"fr-FR","potentialAction":[{"@type":"ReadAction","target":["https:\/\/www.bio-clean.ca\/how-it-works\/"]}]},{"@type":"ImageObject","inLanguage":"fr-FR","@id":"https:\/\/www.bio-clean.ca\/how-it-works\/#primaryimage","url":"https:\/\/www.bio-clean.ca\/wp-content\/uploads\/bio-clean-beauty-graphic.jpg","contentUrl":"https:\/\/www.bio-clean.ca\/wp-content\/uploads\/bio-clean-beauty-graphic.jpg"},{"@type":"BreadcrumbList","@id":"https:\/\/www.bio-clean.ca\/how-it-works\/#breadcrumb","itemListElement":[{"@type":"ListItem","position":1,"name":"Home","item":"https:\/\/www.bio-clean.ca\/ca\/"},{"@type":"ListItem","position":2,"name":"How It Works"}]},{"@type":"WebSite","@id":"https:\/\/www.bio-clean.ca\/ca\/#website","url":"https:\/\/www.bio-clean.ca\/ca\/","name":"Bio-Clean","description":"L\u2019Aimable Bact\u00e9rie Qui \u00c9limine Les D\u00e9chets","publisher":{"@id":"https:\/\/www.bio-clean.ca\/ca\/#organization"},"potentialAction":[{"@type":"SearchAction","target":{"@type":"EntryPoint","urlTemplate":"https:\/\/www.bio-clean.ca\/ca\/?s={search_term_string}"},"query-input":{"@type":"PropertyValueSpecification","valueRequired":true,"valueName":"search_term_string"}}],"inLanguage":"fr-FR"},{"@type":"Organization","@id":"https:\/\/www.bio-clean.ca\/ca\/#organization","name":"Bio-Clean","url":"https:\/\/www.bio-clean.ca\/ca\/","logo":{"@type":"ImageObject","inLanguage":"fr-FR","@id":"https:\/\/www.bio-clean.ca\/ca\/#\/schema\/logo\/image\/","url":"https:\/\/www.bio-clean.ca\/wp-content\/uploads\/bio-clean-logo-fre.png","contentUrl":"https:\/\/www.bio-clean.ca\/wp-content\/uploads\/bio-clean-logo-fre.png","width":500,"height":98,"caption":"Bio-Clean"},"image":{"@id":"https:\/\/www.bio-clean.ca\/ca\/#\/schema\/logo\/image\/"}}]}},"_links":{"self":[{"href":"https:\/\/www.bio-clean.ca\/fr\/wp-json\/wp\/v2\/pages\/76","targetHints":{"allow":["GET"]}}],"collection":[{"href":"https:\/\/www.bio-clean.ca\/fr\/wp-json\/wp\/v2\/pages"}],"about":[{"href":"https:\/\/www.bio-clean.ca\/fr\/wp-json\/wp\/v2\/types\/page"}],"author":[{"embeddable":true,"href":"https:\/\/www.bio-clean.ca\/fr\/wp-json\/wp\/v2\/users\/1"}],"replies":[{"embeddable":true,"href":"https:\/\/www.bio-clean.ca\/fr\/wp-json\/wp\/v2\/comments?post=76"}],"version-history":[{"count":14,"href":"https:\/\/www.bio-clean.ca\/fr\/wp-json\/wp\/v2\/pages\/76\/revisions"}],"predecessor-version":[{"id":3614,"href":"https:\/\/www.bio-clean.ca\/fr\/wp-json\/wp\/v2\/pages\/76\/revisions\/3614"}],"wp:attachment":[{"href":"https:\/\/www.bio-clean.ca\/fr\/wp-json\/wp\/v2\/media?parent=76"}],"curies":[{"name":"wp","href":"https:\/\/api.w.org\/{rel}","templated":true}]}}